{"id":2025,"date":"2022-05-28T18:08:12","date_gmt":"2022-05-28T21:08:12","guid":{"rendered":"https:\/\/deltacharter.com.ar\/?page_id=2025"},"modified":"2022-05-31T12:31:07","modified_gmt":"2022-05-31T15:31:07","slug":"salidas-romanticas","status":"publish","type":"page","link":"https:\/\/deltacharter.com.ar\/en\/salidas-romanticas\/","title":{"rendered":"Romantic nights"},"content":{"rendered":"<div data-elementor-type=\"wp-page\" data-elementor-id=\"2025\" class=\"elementor elementor-2025\" data-elementor-settings=\"[]\">\n\t\t\t\t\t\t<div class=\"elementor-inner\">\n\t\t\t\t\t\t\t<div class=\"elementor-section-wrap\">\n\t\t\t\t\t\t\t<section class=\"elementor-section elementor-top-section elementor-element elementor-element-5be40d1a elementor-section-boxed elementor-section-height-default elementor-section-height-default\" data-id=\"5be40d1a\" data-element_type=\"section\" data-settings=\"{&quot;background_background&quot;:&quot;classic&quot;}\">\n\t\t\t\t\t\t\t<div class=\"elementor-background-overlay\"><\/div>\n\t\t\t\t\t\t\t<div class=\"elementor-container elementor-column-gap-default\">\n\t\t\t\t\t\t\t<div class=\"elementor-row\">\n\t\t\t\t\t<div class=\"elementor-column elementor-col-100 elementor-top-column elementor-element elementor-element-6de0577b\" data-id=\"6de0577b\" data-element_type=\"column\">\n\t\t\t<div class=\"elementor-column-wrap elementor-element-populated\">\n\t\t\t\t\t\t\t<div class=\"elementor-widget-wrap\">\n\t\t\t\t\t\t<div class=\"elementor-element elementor-element-22dc7d5f elementor-widget elementor-widget-heading\" data-id=\"22dc7d5f\" data-element_type=\"widget\" data-widget_type=\"heading.default\">\n\t\t\t\t<div class=\"elementor-widget-container\">\n\t\t\t<h2 class=\"elementor-heading-title elementor-size-default\">Romantic nights<\/h2>\t\t<\/div>\n\t\t\t\t<\/div>\n\t\t\t\t<div class=\"elementor-element elementor-element-16774080 elementor-widget-divider--view-line elementor-widget elementor-widget-divider\" data-id=\"16774080\" data-element_type=\"widget\" data-widget_type=\"divider.default\">\n\t\t\t\t<div class=\"elementor-widget-container\">\n\t\t\t\t\t<div class=\"elementor-divider\">\n\t\t\t<span class=\"elementor-divider-separator\">\n\t\t\t\t\t\t<\/span>\n\t\t<\/div>\n\t\t\t\t<\/div>\n\t\t\t\t<\/div>\n\t\t\t\t\t\t<\/div>\n\t\t\t\t\t<\/div>\n\t\t<\/div>\n\t\t\t\t\t\t\t\t<\/div>\n\t\t\t\t\t<\/div>\n\t\t<\/section>\n\t\t\t\t<section class=\"elementor-section elementor-top-section elementor-element elementor-element-7e1ed4bf elementor-section-boxed elementor-section-height-default elementor-section-height-default\" data-id=\"7e1ed4bf\" data-element_type=\"section\">\n\t\t\t\t\t\t<div class=\"elementor-container elementor-column-gap-default\">\n\t\t\t\t\t\t\t<div class=\"elementor-row\">\n\t\t\t\t\t<div class=\"elementor-column elementor-col-100 elementor-top-column elementor-element elementor-element-1fdc4d66\" data-id=\"1fdc4d66\" data-element_type=\"column\">\n\t\t\t<div class=\"elementor-column-wrap elementor-element-populated\">\n\t\t\t\t\t\t\t<div class=\"elementor-widget-wrap\">\n\t\t\t\t\t\t<div class=\"elementor-element elementor-element-4b4b32ff elementor-widget elementor-widget-text-editor\" data-id=\"4b4b32ff\" data-element_type=\"widget\" data-widget_type=\"text-editor.default\">\n\t\t\t\t<div class=\"elementor-widget-container\">\n\t\t\t\t\t\t\t\t<div class=\"elementor-text-editor elementor-clearfix\">\n\t\t\t\t<p>An unforgettable night, anniversary commemoration, marriage proposal; everything is possible through our service.<br \/><br \/>We offer option of:<\/p>\t\t\t\t\t<\/div>\n\t\t\t\t\t\t<\/div>\n\t\t\t\t<\/div>\n\t\t\t\t<div class=\"elementor-element elementor-element-4447722f elementor-icon-list--layout-traditional elementor-list-item-link-full_width elementor-widget elementor-widget-icon-list\" data-id=\"4447722f\" data-element_type=\"widget\" data-widget_type=\"icon-list.default\">\n\t\t\t\t<div class=\"elementor-widget-container\">\n\t\t\t\t\t<ul class=\"elementor-icon-list-items\">\n\t\t\t\t\t\t\t<li class=\"elementor-icon-list-item\">\n\t\t\t\t\t\t\t\t\t\t\t<span class=\"elementor-icon-list-icon\">\n\t\t\t\t\t\t\t<i aria-hidden=\"true\" class=\"fas fa-check\"><\/i>\t\t\t\t\t\t<\/span>\n\t\t\t\t\t\t\t\t\t\t<span class=\"elementor-icon-list-text\">Romantic dinner<\/span>\n\t\t\t\t\t\t\t\t\t<\/li>\n\t\t\t\t\t\t\t\t<li class=\"elementor-icon-list-item\">\n\t\t\t\t\t\t\t\t\t\t\t<span class=\"elementor-icon-list-icon\">\n\t\t\t\t\t\t\t<i aria-hidden=\"true\" class=\"fas fa-check\"><\/i>\t\t\t\t\t\t<\/span>\n\t\t\t\t\t\t\t\t\t\t<span class=\"elementor-icon-list-text\">Overnight, sunrise on the river<\/span>\n\t\t\t\t\t\t\t\t\t<\/li>\n\t\t\t\t\t\t\t\t<li class=\"elementor-icon-list-item\">\n\t\t\t\t\t\t\t\t\t\t\t<span class=\"elementor-icon-list-icon\">\n\t\t\t\t\t\t\t<i aria-hidden=\"true\" class=\"fas fa-check\"><\/i>\t\t\t\t\t\t<\/span>\n\t\t\t\t\t\t\t\t\t\t<span class=\"elementor-icon-list-text\">Full moon sailing<\/span>\n\t\t\t\t\t\t\t\t\t<\/li>\n\t\t\t\t\t\t<\/ul>\n\t\t\t\t<\/div>\n\t\t\t\t<\/div>\n\t\t\t\t<div class=\"elementor-element elementor-element-3277b56e elementor-widget elementor-widget-text-editor\" data-id=\"3277b56e\" data-element_type=\"widget\" data-widget_type=\"text-editor.default\">\n\t\t\t\t<div class=\"elementor-widget-container\">\n\t\t\t\t\t\t\t\t<div class=\"elementor-text-editor elementor-clearfix\">\n\t\t\t\t<p>The boats have equipment and amenities for an excellent stay, allowing you to enjoy the charms of the Delta with safety and comfort. Departures are scheduled at ease, coordinating departure and arrival times.<\/p>\t\t\t\t\t<\/div>\n\t\t\t\t\t\t<\/div>\n\t\t\t\t<\/div>\n\t\t\t\t\t\t<\/div>\n\t\t\t\t\t<\/div>\n\t\t<\/div>\n\t\t\t\t\t\t\t\t<\/div>\n\t\t\t\t\t<\/div>\n\t\t<\/section>\n\t\t\t\t<section class=\"elementor-section elementor-top-section elementor-element elementor-element-1b9dcf8a elementor-section-boxed elementor-section-height-default elementor-section-height-default\" data-id=\"1b9dcf8a\" data-element_type=\"section\" data-settings=\"{&quot;background_background&quot;:&quot;classic&quot;}\">\n\t\t\t\t\t\t\t<div class=\"elementor-background-overlay\"><\/div>\n\t\t\t\t\t\t\t<div class=\"elementor-container elementor-column-gap-default\">\n\t\t\t\t\t\t\t<div class=\"elementor-row\">\n\t\t\t\t\t<div class=\"elementor-column elementor-col-100 elementor-top-column elementor-element elementor-element-1d37bae9\" data-id=\"1d37bae9\" data-element_type=\"column\">\n\t\t\t<div class=\"elementor-column-wrap elementor-element-populated\">\n\t\t\t\t\t\t\t<div class=\"elementor-widget-wrap\">\n\t\t\t\t\t\t<div class=\"elementor-element elementor-element-108fdec1 elementor-widget elementor-widget-heading\" data-id=\"108fdec1\" data-element_type=\"widget\" data-widget_type=\"heading.default\">\n\t\t\t\t<div class=\"elementor-widget-container\">\n\t\t\t<h2 class=\"elementor-heading-title elementor-size-default\">IMAGES OF THE SERVICE<\/h2>\t\t<\/div>\n\t\t\t\t<\/div>\n\t\t\t\t<div class=\"elementor-element elementor-element-26352339 elementor-widget-divider--view-line elementor-widget elementor-widget-divider\" data-id=\"26352339\" data-element_type=\"widget\" data-widget_type=\"divider.default\">\n\t\t\t\t<div class=\"elementor-widget-container\">\n\t\t\t\t\t<div class=\"elementor-divider\">\n\t\t\t<span class=\"elementor-divider-separator\">\n\t\t\t\t\t\t<\/span>\n\t\t<\/div>\n\t\t\t\t<\/div>\n\t\t\t\t<\/div>\n\t\t\t\t\t\t<\/div>\n\t\t\t\t\t<\/div>\n\t\t<\/div>\n\t\t\t\t\t\t\t\t<\/div>\n\t\t\t\t\t<\/div>\n\t\t<\/section>\n\t\t\t\t<section class=\"elementor-section elementor-top-section elementor-element elementor-element-7bb0a8f6 elementor-section-boxed elementor-section-height-default elementor-section-height-default\" data-id=\"7bb0a8f6\" data-element_type=\"section\">\n\t\t\t\t\t\t<div class=\"elementor-container elementor-column-gap-default\">\n\t\t\t\t\t\t\t<div class=\"elementor-row\">\n\t\t\t\t\t<div class=\"elementor-column elementor-col-100 elementor-top-column elementor-element elementor-element-190ef4f5\" data-id=\"190ef4f5\" data-element_type=\"column\">\n\t\t\t<div class=\"elementor-column-wrap elementor-element-populated\">\n\t\t\t\t\t\t\t<div class=\"elementor-widget-wrap\">\n\t\t\t\t\t\t<div class=\"elementor-element elementor-element-7d3b7149 elementor-widget elementor-widget-jet-portfolio\" data-id=\"7d3b7149\" data-element_type=\"widget\" data-widget_type=\"jet-portfolio.default\">\n\t\t\t\t<div class=\"elementor-widget-container\">\n\t\t\t<div class=\"elementor-jet-portfolio jet-elements\">\n<div class=\"jet-portfolio layout-type-grid preset-type-1 layout-desktop-column-3  layout-mobile-column-2\" data-settings=\"{&quot;layoutType&quot;:&quot;grid&quot;,&quot;columns&quot;:3,&quot;columnsTablet&quot;:&quot;&quot;,&quot;columnsMobile&quot;:&quot;2&quot;,&quot;perPage&quot;:6}\"><div class=\"jet-portfolio__list\"><article class=\"jet-portfolio__item visible-status\" data-slug=\"{&quot;0&quot;:&quot;all&quot;}\">\n\t<div class=\"jet-portfolio__inner\">\n\t\t<a class=\"jet-portfolio__link\" href=\"https:\/\/deltacharter.com.ar\/wp-content\/uploads\/2022\/05\/3c4c55ee-7265-4fc3-be81-d644fa0267e5.jpg\" data-elementor-open-lightbox=\"yes\">\n\t\t\t<div class=\"jet-portfolio__image\">\n\t\t\t\t<img class=\"jet-portfolio__image-instance\" src=\"https:\/\/deltacharter.com.ar\/wp-content\/uploads\/2022\/05\/3c4c55ee-7265-4fc3-be81-d644fa0267e5.jpg\" width=\"828\" height=\"1018\"  alt=\"3c4c55ee-7265-4fc3-be81-d644fa0267e5\" loading=\"lazy\">\t\t\t\t<div class=\"jet-portfolio__image-loader\"><span><\/span><\/div>\n\t\t\t<\/div>\n\t\t<\/a>\n\t\t<div class=\"jet-portfolio__content\">\n\t\t\t<div class=\"jet-portfolio__content-inner\"><\/div>\n\t\t<\/div>\n\n\t<\/div>\n<\/article><article class=\"jet-portfolio__item visible-status\" data-slug=\"{&quot;0&quot;:&quot;all&quot;}\">\n\t<div class=\"jet-portfolio__inner\">\n\t\t<a class=\"jet-portfolio__link\" href=\"https:\/\/deltacharter.com.ar\/wp-content\/uploads\/2022\/05\/5922ea9d-6f83-4ea7-819f-0f4587436060.jpg\" data-elementor-open-lightbox=\"yes\">\n\t\t\t<div class=\"jet-portfolio__image\">\n\t\t\t\t<img class=\"jet-portfolio__image-instance\" src=\"https:\/\/deltacharter.com.ar\/wp-content\/uploads\/2022\/05\/5922ea9d-6f83-4ea7-819f-0f4587436060.jpg\" width=\"900\" height=\"1600\"  alt=\"5922ea9d-6f83-4ea7-819f-0f4587436060\" loading=\"lazy\">\t\t\t\t<div class=\"jet-portfolio__image-loader\"><span><\/span><\/div>\n\t\t\t<\/div>\n\t\t<\/a>\n\t\t<div class=\"jet-portfolio__content\">\n\t\t\t<div class=\"jet-portfolio__content-inner\"><\/div>\n\t\t<\/div>\n\n\t<\/div>\n<\/article><article class=\"jet-portfolio__item visible-status\" data-slug=\"{&quot;0&quot;:&quot;all&quot;}\">\n\t<div class=\"jet-portfolio__inner\">\n\t\t<a class=\"jet-portfolio__link\" href=\"https:\/\/deltacharter.com.ar\/wp-content\/uploads\/2022\/05\/9293215c-9bb5-40b7-9504-4d3a8071fe6f.jpg\" data-elementor-open-lightbox=\"yes\">\n\t\t\t<div class=\"jet-portfolio__image\">\n\t\t\t\t<img class=\"jet-portfolio__image-instance\" src=\"https:\/\/deltacharter.com.ar\/wp-content\/uploads\/2022\/05\/9293215c-9bb5-40b7-9504-4d3a8071fe6f.jpg\" width=\"1200\" height=\"1600\"  alt=\"9293215c-9bb5-40b7-9504-4d3a8071fe6f\" loading=\"lazy\">\t\t\t\t<div class=\"jet-portfolio__image-loader\"><span><\/span><\/div>\n\t\t\t<\/div>\n\t\t<\/a>\n\t\t<div class=\"jet-portfolio__content\">\n\t\t\t<div class=\"jet-portfolio__content-inner\"><\/div>\n\t\t<\/div>\n\n\t<\/div>\n<\/article><article class=\"jet-portfolio__item visible-status\" data-slug=\"{&quot;0&quot;:&quot;all&quot;}\">\n\t<div class=\"jet-portfolio__inner\">\n\t\t<a class=\"jet-portfolio__link\" href=\"https:\/\/deltacharter.com.ar\/wp-content\/uploads\/2022\/05\/a5e8b6e6-d5a7-44f6-8af7-b44e4ea2e41f.jpg\" data-elementor-open-lightbox=\"yes\">\n\t\t\t<div class=\"jet-portfolio__image\">\n\t\t\t\t<img class=\"jet-portfolio__image-instance\" src=\"https:\/\/deltacharter.com.ar\/wp-content\/uploads\/2022\/05\/a5e8b6e6-d5a7-44f6-8af7-b44e4ea2e41f.jpg\" width=\"900\" height=\"1600\"  alt=\"a5e8b6e6-d5a7-44f6-8af7-b44e4ea2e41f\" loading=\"lazy\">\t\t\t\t<div class=\"jet-portfolio__image-loader\"><span><\/span><\/div>\n\t\t\t<\/div>\n\t\t<\/a>\n\t\t<div class=\"jet-portfolio__content\">\n\t\t\t<div class=\"jet-portfolio__content-inner\"><\/div>\n\t\t<\/div>\n\n\t<\/div>\n<\/article><article class=\"jet-portfolio__item visible-status\" data-slug=\"{&quot;0&quot;:&quot;all&quot;}\">\n\t<div class=\"jet-portfolio__inner\">\n\t\t<a class=\"jet-portfolio__link\" href=\"https:\/\/deltacharter.com.ar\/wp-content\/uploads\/2022\/05\/00f8474a-ef2a-4684-b7c0-81bd178496d5.jpg\" data-elementor-open-lightbox=\"yes\">\n\t\t\t<div class=\"jet-portfolio__image\">\n\t\t\t\t<img class=\"jet-portfolio__image-instance\" src=\"https:\/\/deltacharter.com.ar\/wp-content\/uploads\/2022\/05\/00f8474a-ef2a-4684-b7c0-81bd178496d5.jpg\" width=\"1600\" height=\"1066\"  alt=\"00f8474a-ef2a-4684-b7c0-81bd178496d5\" loading=\"lazy\">\t\t\t\t<div class=\"jet-portfolio__image-loader\"><span><\/span><\/div>\n\t\t\t<\/div>\n\t\t<\/a>\n\t\t<div class=\"jet-portfolio__content\">\n\t\t\t<div class=\"jet-portfolio__content-inner\"><\/div>\n\t\t<\/div>\n\n\t<\/div>\n<\/article><article class=\"jet-portfolio__item visible-status\" data-slug=\"{&quot;0&quot;:&quot;all&quot;}\">\n\t<div class=\"jet-portfolio__inner\">\n\t\t<a class=\"jet-portfolio__link\" href=\"https:\/\/deltacharter.com.ar\/wp-content\/uploads\/2022\/05\/ebcf1b96-6742-49bb-953f-4640beeab5fc.jpg\" data-elementor-open-lightbox=\"yes\">\n\t\t\t<div class=\"jet-portfolio__image\">\n\t\t\t\t<img class=\"jet-portfolio__image-instance\" src=\"https:\/\/deltacharter.com.ar\/wp-content\/uploads\/2022\/05\/ebcf1b96-6742-49bb-953f-4640beeab5fc.jpg\" width=\"1600\" height=\"1200\"  alt=\"ebcf1b96-6742-49bb-953f-4640beeab5fc\" loading=\"lazy\">\t\t\t\t<div class=\"jet-portfolio__image-loader\"><span><\/span><\/div>\n\t\t\t<\/div>\n\t\t<\/a>\n\t\t<div class=\"jet-portfolio__content\">\n\t\t\t<div class=\"jet-portfolio__content-inner\"><\/div>\n\t\t<\/div>\n\n\t<\/div>\n<\/article><\/div><\/div>\n<\/div>\t\t<\/div>\n\t\t\t\t<\/div>\n\t\t\t\t\t\t<\/div>\n\t\t\t\t\t<\/div>\n\t\t<\/div>\n\t\t\t\t\t\t\t\t<\/div>\n\t\t\t\t\t<\/div>\n\t\t<\/section>\n\t\t\t\t\t\t<\/div>\n\t\t\t\t\t\t<\/div>\n\t\t\t\t\t<\/div>","protected":false},"excerpt":{"rendered":"<p>SALIDAS ROM\u00c1NTICAS Una noche inolvidable, conmemoraci\u00f3n de aniversario, propuesta de matrimonio; todo es posible mediante nuestro servicio. Brindamos opci\u00f3n de: Cena rom\u00e1ntica Pernocte, amanecer en el r\u00edo Navegaci\u00f3n con luna llena Las embarcaciones cuentan con equipamiento y comodidades de lujo para una excelente estad\u00eda. Las salidas son programadas a gusto, coordinando horarios a zarpe y [&hellip;]<\/p>","protected":false},"author":1,"featured_media":0,"parent":0,"menu_order":0,"comment_status":"closed","ping_status":"closed","template":"elementor_header_footer","meta":[],"_links":{"self":[{"href":"https:\/\/deltacharter.com.ar\/en\/wp-json\/wp\/v2\/pages\/2025"}],"collection":[{"href":"https:\/\/deltacharter.com.ar\/en\/wp-json\/wp\/v2\/pages"}],"about":[{"href":"https:\/\/deltacharter.com.ar\/en\/wp-json\/wp\/v2\/types\/page"}],"author":[{"embeddable":true,"href":"https:\/\/deltacharter.com.ar\/en\/wp-json\/wp\/v2\/users\/1"}],"replies":[{"embeddable":true,"href":"https:\/\/deltacharter.com.ar\/en\/wp-json\/wp\/v2\/comments?post=2025"}],"version-history":[{"count":28,"href":"https:\/\/deltacharter.com.ar\/en\/wp-json\/wp\/v2\/pages\/2025\/revisions"}],"predecessor-version":[{"id":2170,"href":"https:\/\/deltacharter.com.ar\/en\/wp-json\/wp\/v2\/pages\/2025\/revisions\/2170"}],"wp:attachment":[{"href":"https:\/\/deltacharter.com.ar\/en\/wp-json\/wp\/v2\/media?parent=2025"}],"curies":[{"name":"wp","href":"https:\/\/api.w.org\/{rel}","templated":true}]}}