{"id":1781,"date":"2022-05-26T17:36:04","date_gmt":"2022-05-26T20:36:04","guid":{"rendered":"https:\/\/deltacharter.com.ar\/?page_id=1781"},"modified":"2022-06-01T10:45:38","modified_gmt":"2022-06-01T13:45:38","slug":"servicios","status":"publish","type":"page","link":"https:\/\/deltacharter.com.ar\/pt\/servicios\/","title":{"rendered":"Servi\u00e7os"},"content":{"rendered":"<div data-elementor-type=\"wp-page\" data-elementor-id=\"1781\" class=\"elementor elementor-1781\" data-elementor-settings=\"[]\">\n\t\t\t\t\t\t<div class=\"elementor-inner\">\n\t\t\t\t\t\t\t<div class=\"elementor-section-wrap\">\n\t\t\t\t\t\t\t<section class=\"elementor-section elementor-top-section elementor-element elementor-element-5ff322e elementor-section-boxed elementor-section-height-default elementor-section-height-default\" data-id=\"5ff322e\" data-element_type=\"section\" data-settings=\"{&quot;background_background&quot;:&quot;classic&quot;}\">\n\t\t\t\t\t\t<div class=\"elementor-container elementor-column-gap-default\">\n\t\t\t\t\t\t\t<div class=\"elementor-row\">\n\t\t\t\t\t<div class=\"elementor-column elementor-col-100 elementor-top-column elementor-element elementor-element-90ddebd\" data-id=\"90ddebd\" data-element_type=\"column\">\n\t\t\t<div class=\"elementor-column-wrap elementor-element-populated\">\n\t\t\t\t\t\t\t<div class=\"elementor-widget-wrap\">\n\t\t\t\t\t\t<div class=\"elementor-element elementor-element-8447fc9 elementor-widget elementor-widget-heading\" data-id=\"8447fc9\" data-element_type=\"widget\" data-widget_type=\"heading.default\">\n\t\t\t\t<div class=\"elementor-widget-container\">\n\t\t\t<h2 class=\"elementor-heading-title elementor-size-default\">Servi\u00e7os<\/h2>\t\t<\/div>\n\t\t\t\t<\/div>\n\t\t\t\t<div class=\"elementor-element elementor-element-37859a4 elementor-widget-divider--view-line elementor-widget elementor-widget-divider\" data-id=\"37859a4\" data-element_type=\"widget\" data-widget_type=\"divider.default\">\n\t\t\t\t<div class=\"elementor-widget-container\">\n\t\t\t\t\t<div class=\"elementor-divider\">\n\t\t\t<span class=\"elementor-divider-separator\">\n\t\t\t\t\t\t<\/span>\n\t\t<\/div>\n\t\t\t\t<\/div>\n\t\t\t\t<\/div>\n\t\t\t\t\t\t<\/div>\n\t\t\t\t\t<\/div>\n\t\t<\/div>\n\t\t\t\t\t\t\t\t<\/div>\n\t\t\t\t\t<\/div>\n\t\t<\/section>\n\t\t\t\t<section class=\"elementor-section elementor-top-section elementor-element elementor-element-f49e8e1 elementor-section-boxed elementor-section-height-default elementor-section-height-default\" data-id=\"f49e8e1\" data-element_type=\"section\" id=\"SERVICIO\">\n\t\t\t\t\t\t<div class=\"elementor-container elementor-column-gap-default\">\n\t\t\t\t\t\t\t<div class=\"elementor-row\">\n\t\t\t\t\t<div class=\"elementor-column elementor-col-50 elementor-top-column elementor-element elementor-element-63bd15f\" data-id=\"63bd15f\" data-element_type=\"column\" data-settings=\"{&quot;background_background&quot;:&quot;slideshow&quot;,&quot;background_slideshow_gallery&quot;:[],&quot;background_slideshow_loop&quot;:&quot;yes&quot;,&quot;background_slideshow_slide_duration&quot;:5000,&quot;background_slideshow_slide_transition&quot;:&quot;fade&quot;,&quot;background_slideshow_transition_duration&quot;:500}\">\n\t\t\t<div class=\"elementor-column-wrap elementor-element-populated\">\n\t\t\t\t\t\t\t<div class=\"elementor-widget-wrap\">\n\t\t\t\t\t\t<div class=\"elementor-element elementor-element-1cc4a9b elementor-widget elementor-widget-jet-slider\" data-id=\"1cc4a9b\" data-element_type=\"widget\" data-widget_type=\"jet-slider.default\">\n\t\t\t\t<div class=\"elementor-widget-container\">\n\t\t\t<div class=\"elementor-jet-slider jet-elements\">\n<div class=\"jet-slider jet-slider__image-exact\" data-settings='{\"sliderWidth\":{\"unit\":\"%\",\"size\":100,\"sizes\":[]},\"sliderHeight\":{\"unit\":\"px\",\"size\":400,\"sizes\":[]},\"sliderHeightTablet\":{\"unit\":\"px\",\"size\":\"\",\"sizes\":[]},\"sliderHeightMobile\":{\"unit\":\"px\",\"size\":\"\",\"sizes\":[]},\"sliderNavigation\":false,\"sliderNavigationIcon\":\"jet-slider__arrow-icon-1cc4a9b\",\"sliderNaviOnHover\":false,\"sliderPagination\":false,\"sliderAutoplay\":true,\"sliderAutoplayDelay\":3000,\"sliderAutoplayOnHover\":\"none\",\"sliderFullScreen\":false,\"sliderFullscreenIcon\":\"jet-slider__fullscreen-icon-1cc4a9b\",\"sliderShuffle\":false,\"sliderLoop\":false,\"sliderFadeMode\":true,\"slideDistance\":{\"unit\":\"px\",\"size\":10,\"sizes\":[]},\"slideDuration\":300,\"imageScaleMode\":\"exact\",\"thumbnails\":false,\"thumbnailWidth\":120,\"thumbnailWidthTablet\":\"\",\"thumbnailWidthMobile\":\"\",\"thumbnailHeight\":80,\"thumbnailHeightTablet\":\"\",\"thumbnailHeightMobile\":\"\",\"rightToLeft\":false,\"touchswipe\":false}'>\n\t\n<div class=\"slider-pro\"><div class=\"jet-slider__arrow-icon-1cc4a9b hidden-html\"><\/div><div class=\"jet-slider__fullscreen-icon-1cc4a9b hidden-html\"><\/div><div class=\"jet-slider__items sp-slides\">\n\n<div  class=\"jet-slider__item sp-slide\"><img class=\"sp-image\" src=\"https:\/\/deltacharter.com.ar\/wp-content\/uploads\/2022\/05\/work-17.jpg\" alt=\"work-17\"><div class=\"jet-slider__content sp-layer\" data-position=\"centerCenter\" data-width=\"100%\" data-height=\"100%\" data-horizontal=\"0%\" data-show-transition=\"up\" data-show-duration=\"400\" data-show-delay=\"400\">\n\t\t<div class=\"jet-slider__content-item\">\n\t\t\t<div class=\"jet-slider__content-inner\"><div class=\"jet-slider__icon\"><div class=\"jet-slider-icon-inner\"><i aria-hidden=\"true\" class=\"fas fa-ship\"><\/i><\/div><\/div><h5 class=\"jet-slider__title\">ALUGUEL DE IATES<\/h5><div class=\"jet-slider__desc\">Os barcos contam com equipamentos e comodidades para uma excelente estadia, permitindo que voc\u00ea desfrute dos encantos do Delta com seguran\u00e7a e conforto. As partidas s\u00e3o agendadas com facilidade, coordenando os hor\u00e1rios de partida e chegada.\n\n<\/div>\n\t\t\t\t\t\t<div class=\"jet-slider__button-wrapper\"><a class=\"elementor-button elementor-size-md jet-slider__button jet-slider__button--primary\" href=\"https:\/\/deltacharter.com.ar\/pt\/alquiler-de-yates\/\">VER SERVICIO<\/a>\t\t\t\t\t\t<\/div><\/div>\n\t\t<\/div>\n\t<\/div>\n<\/div>\n\n<\/div>\n<\/div>\n<\/div>\n<\/div>\t\t<\/div>\n\t\t\t\t<\/div>\n\t\t\t\t\t\t<\/div>\n\t\t\t\t\t<\/div>\n\t\t<\/div>\n\t\t\t\t<div class=\"elementor-column elementor-col-50 elementor-top-column elementor-element elementor-element-cc771cc\" data-id=\"cc771cc\" data-element_type=\"column\" data-settings=\"{&quot;background_background&quot;:&quot;classic&quot;}\">\n\t\t\t<div class=\"elementor-column-wrap elementor-element-populated\">\n\t\t\t\t\t<div class=\"elementor-background-overlay\"><\/div>\n\t\t\t\t\t\t\t<div class=\"elementor-widget-wrap\">\n\t\t\t\t\t\t<div class=\"elementor-element elementor-element-fe88299 elementor-widget elementor-widget-jet-slider\" data-id=\"fe88299\" data-element_type=\"widget\" data-widget_type=\"jet-slider.default\">\n\t\t\t\t<div class=\"elementor-widget-container\">\n\t\t\t<div class=\"elementor-jet-slider jet-elements\">\n<div class=\"jet-slider jet-slider__image-exact\" data-settings='{\"sliderWidth\":{\"unit\":\"%\",\"size\":100,\"sizes\":[]},\"sliderHeight\":{\"unit\":\"px\",\"size\":400,\"sizes\":[]},\"sliderHeightTablet\":{\"unit\":\"px\",\"size\":\"\",\"sizes\":[]},\"sliderHeightMobile\":{\"unit\":\"px\",\"size\":\"\",\"sizes\":[]},\"sliderNavigation\":false,\"sliderNavigationIcon\":\"jet-slider__arrow-icon-fe88299\",\"sliderNaviOnHover\":false,\"sliderPagination\":false,\"sliderAutoplay\":true,\"sliderAutoplayDelay\":3000,\"sliderAutoplayOnHover\":\"none\",\"sliderFullScreen\":false,\"sliderFullscreenIcon\":\"jet-slider__fullscreen-icon-fe88299\",\"sliderShuffle\":false,\"sliderLoop\":false,\"sliderFadeMode\":true,\"slideDistance\":{\"unit\":\"px\",\"size\":10,\"sizes\":[]},\"slideDuration\":300,\"imageScaleMode\":\"exact\",\"thumbnails\":false,\"thumbnailWidth\":120,\"thumbnailWidthTablet\":\"\",\"thumbnailWidthMobile\":\"\",\"thumbnailHeight\":80,\"thumbnailHeightTablet\":\"\",\"thumbnailHeightMobile\":\"\",\"rightToLeft\":false,\"touchswipe\":false}'>\n\t\n<div class=\"slider-pro\"><div class=\"jet-slider__arrow-icon-fe88299 hidden-html\"><\/div><div class=\"jet-slider__fullscreen-icon-fe88299 hidden-html\"><\/div><div class=\"jet-slider__items sp-slides\">\n\n<div  class=\"jet-slider__item sp-slide\"><img class=\"sp-image\" src=\"https:\/\/deltacharter.com.ar\/wp-content\/uploads\/2022\/05\/ebcf1b96-6742-49bb-953f-4640beeab5fc.jpg\" alt=\"ebcf1b96-6742-49bb-953f-4640beeab5fc\"><div class=\"jet-slider__content sp-layer\" data-position=\"centerCenter\" data-width=\"100%\" data-height=\"100%\" data-horizontal=\"0%\" data-show-transition=\"up\" data-show-duration=\"400\" data-show-delay=\"400\">\n\t\t<div class=\"jet-slider__content-item\">\n\t\t\t<div class=\"jet-slider__content-inner\"><div class=\"jet-slider__icon\"><div class=\"jet-slider-icon-inner\"><i aria-hidden=\"true\" class=\"fas fa-ship\"><\/i><\/div><\/div><h5 class=\"jet-slider__title\">PASSEIOS ROM\u00c2NTICOS<\/h5><div class=\"jet-slider__desc\">Oferecemos v\u00e1rias propostas para um passeio rom\u00e2ntico ideal. P\u00f4r do sol, jantar ao luar, pernoite a bordo, passeio noturno, etc. Tudo o que voc\u00ea tem em mente, n\u00f3s trazemos para a realidade.<br> Decinos tu idea, nosotros lo hacemos realidad.\n<\/div>\n\t\t\t\t\t\t<div class=\"jet-slider__button-wrapper\"><a class=\"elementor-button elementor-size-md jet-slider__button jet-slider__button--primary\" href=\"https:\/\/deltacharter.com.ar\/pt\/salidas-romanticas\/\">VER SERVICIO<\/a>\t\t\t\t\t\t<\/div><\/div>\n\t\t<\/div>\n\t<\/div>\n<\/div>\n\n<\/div>\n<\/div>\n<\/div>\n<\/div>\t\t<\/div>\n\t\t\t\t<\/div>\n\t\t\t\t\t\t<\/div>\n\t\t\t\t\t<\/div>\n\t\t<\/div>\n\t\t\t\t\t\t\t\t<\/div>\n\t\t\t\t\t<\/div>\n\t\t<\/section>\n\t\t\t\t<section class=\"elementor-section elementor-top-section elementor-element elementor-element-f69e386 elementor-section-boxed elementor-section-height-default elementor-section-height-default\" data-id=\"f69e386\" data-element_type=\"section\">\n\t\t\t\t\t\t<div class=\"elementor-container elementor-column-gap-default\">\n\t\t\t\t\t\t\t<div class=\"elementor-row\">\n\t\t\t\t\t<div class=\"elementor-column elementor-col-50 elementor-top-column elementor-element elementor-element-515f64b\" data-id=\"515f64b\" data-element_type=\"column\" data-settings=\"{&quot;background_background&quot;:&quot;slideshow&quot;,&quot;background_slideshow_gallery&quot;:[],&quot;background_slideshow_loop&quot;:&quot;yes&quot;,&quot;background_slideshow_slide_duration&quot;:5000,&quot;background_slideshow_slide_transition&quot;:&quot;fade&quot;,&quot;background_slideshow_transition_duration&quot;:500}\">\n\t\t\t<div class=\"elementor-column-wrap elementor-element-populated\">\n\t\t\t\t\t\t\t<div class=\"elementor-widget-wrap\">\n\t\t\t\t\t\t<div class=\"elementor-element elementor-element-f6c73aa elementor-widget elementor-widget-jet-slider\" data-id=\"f6c73aa\" data-element_type=\"widget\" data-widget_type=\"jet-slider.default\">\n\t\t\t\t<div class=\"elementor-widget-container\">\n\t\t\t<div class=\"elementor-jet-slider jet-elements\">\n<div class=\"jet-slider jet-slider__image-exact\" data-settings='{\"sliderWidth\":{\"unit\":\"%\",\"size\":100,\"sizes\":[]},\"sliderHeight\":{\"unit\":\"px\",\"size\":400,\"sizes\":[]},\"sliderHeightTablet\":{\"unit\":\"px\",\"size\":\"\",\"sizes\":[]},\"sliderHeightMobile\":{\"unit\":\"px\",\"size\":\"\",\"sizes\":[]},\"sliderNavigation\":false,\"sliderNavigationIcon\":\"jet-slider__arrow-icon-f6c73aa\",\"sliderNaviOnHover\":false,\"sliderPagination\":false,\"sliderAutoplay\":true,\"sliderAutoplayDelay\":3000,\"sliderAutoplayOnHover\":\"none\",\"sliderFullScreen\":false,\"sliderFullscreenIcon\":\"jet-slider__fullscreen-icon-f6c73aa\",\"sliderShuffle\":false,\"sliderLoop\":false,\"sliderFadeMode\":true,\"slideDistance\":{\"unit\":\"px\",\"size\":10,\"sizes\":[]},\"slideDuration\":300,\"imageScaleMode\":\"exact\",\"thumbnails\":false,\"thumbnailWidth\":120,\"thumbnailWidthTablet\":\"\",\"thumbnailWidthMobile\":\"\",\"thumbnailHeight\":80,\"thumbnailHeightTablet\":\"\",\"thumbnailHeightMobile\":\"\",\"rightToLeft\":false,\"touchswipe\":false}'>\n\t\n<div class=\"slider-pro\"><div class=\"jet-slider__arrow-icon-f6c73aa hidden-html\"><\/div><div class=\"jet-slider__fullscreen-icon-f6c73aa hidden-html\"><\/div><div class=\"jet-slider__items sp-slides\">\n\n<div  class=\"jet-slider__item sp-slide\"><img class=\"sp-image\" src=\"https:\/\/deltacharter.com.ar\/wp-content\/uploads\/2022\/05\/320-1.jpg\" alt=\"320-1\"><div class=\"jet-slider__content sp-layer\" data-position=\"centerCenter\" data-width=\"100%\" data-height=\"100%\" data-horizontal=\"0%\" data-show-transition=\"left\" data-show-duration=\"400\" data-show-delay=\"400\">\n\t\t<div class=\"jet-slider__content-item\">\n\t\t\t<div class=\"jet-slider__content-inner\"><div class=\"jet-slider__icon\"><div class=\"jet-slider-icon-inner\"><i aria-hidden=\"true\" class=\"fas fa-water\"><\/i><\/div><\/div><h5 class=\"jet-slider__title\">VIAGENS PRIVADAS AO URUGUAI<\/h5><div class=\"jet-slider__desc\">V\u00e1rias op\u00e7\u00f5es para chegar aos belos portos do Uruguay (Carmelo, Colonia, Conchillas) Discri\u00e7\u00e3o e profissionalismo de nossa tripula\u00e7\u00e3o.\n\n<\/div>\n\t\t\t\t\t\t<div class=\"jet-slider__button-wrapper\"><a class=\"elementor-button elementor-size-md jet-slider__button jet-slider__button--primary\" href=\"https:\/\/deltacharter.com.ar\/pt\/viajes-privados-a-uruguay\/\">VER SERVICIO<\/a>\t\t\t\t\t\t<\/div><\/div>\n\t\t<\/div>\n\t<\/div>\n<\/div>\n\n<\/div>\n<\/div>\n<\/div>\n<\/div>\t\t<\/div>\n\t\t\t\t<\/div>\n\t\t\t\t\t\t<\/div>\n\t\t\t\t\t<\/div>\n\t\t<\/div>\n\t\t\t\t<div class=\"elementor-column elementor-col-50 elementor-top-column elementor-element elementor-element-8bc0d05\" data-id=\"8bc0d05\" data-element_type=\"column\" data-settings=\"{&quot;background_background&quot;:&quot;classic&quot;}\">\n\t\t\t<div class=\"elementor-column-wrap elementor-element-populated\">\n\t\t\t\t\t<div class=\"elementor-background-overlay\"><\/div>\n\t\t\t\t\t\t\t<div class=\"elementor-widget-wrap\">\n\t\t\t\t\t\t<div class=\"elementor-element elementor-element-399eb08 elementor-widget elementor-widget-jet-slider\" data-id=\"399eb08\" data-element_type=\"widget\" data-widget_type=\"jet-slider.default\">\n\t\t\t\t<div class=\"elementor-widget-container\">\n\t\t\t<div class=\"elementor-jet-slider jet-elements\">\n<div class=\"jet-slider jet-slider__image-exact\" data-settings='{\"sliderWidth\":{\"unit\":\"%\",\"size\":100,\"sizes\":[]},\"sliderHeight\":{\"unit\":\"px\",\"size\":400,\"sizes\":[]},\"sliderHeightTablet\":{\"unit\":\"px\",\"size\":\"\",\"sizes\":[]},\"sliderHeightMobile\":{\"unit\":\"px\",\"size\":\"\",\"sizes\":[]},\"sliderNavigation\":false,\"sliderNavigationIcon\":\"jet-slider__arrow-icon-399eb08\",\"sliderNaviOnHover\":false,\"sliderPagination\":false,\"sliderAutoplay\":true,\"sliderAutoplayDelay\":3000,\"sliderAutoplayOnHover\":\"none\",\"sliderFullScreen\":false,\"sliderFullscreenIcon\":\"jet-slider__fullscreen-icon-399eb08\",\"sliderShuffle\":false,\"sliderLoop\":false,\"sliderFadeMode\":true,\"slideDistance\":{\"unit\":\"px\",\"size\":10,\"sizes\":[]},\"slideDuration\":300,\"imageScaleMode\":\"exact\",\"thumbnails\":false,\"thumbnailWidth\":120,\"thumbnailWidthTablet\":\"\",\"thumbnailWidthMobile\":\"\",\"thumbnailHeight\":80,\"thumbnailHeightTablet\":\"\",\"thumbnailHeightMobile\":\"\",\"rightToLeft\":false,\"touchswipe\":false}'>\n\t\n<div class=\"slider-pro\"><div class=\"jet-slider__arrow-icon-399eb08 hidden-html\"><\/div><div class=\"jet-slider__fullscreen-icon-399eb08 hidden-html\"><\/div><div class=\"jet-slider__items sp-slides\">\n\n<div  class=\"jet-slider__item sp-slide\"><img class=\"sp-image\" src=\"https:\/\/deltacharter.com.ar\/wp-content\/uploads\/2022\/05\/work-16.jpg\" alt=\"work-16\"><div class=\"jet-slider__content sp-layer\" data-position=\"centerCenter\" data-width=\"100%\" data-height=\"100%\" data-horizontal=\"0%\" data-show-transition=\"up\" data-show-duration=\"400\" data-show-delay=\"400\">\n\t\t<div class=\"jet-slider__content-item\">\n\t\t\t<div class=\"jet-slider__content-inner\"><div class=\"jet-slider__icon\"><div class=\"jet-slider-icon-inner\"><i aria-hidden=\"true\" class=\"fas fa-helicopter\"><\/i><\/div><\/div><h5 class=\"jet-slider__title\">ALUGUEL DE HELIC\u00d3PTERO<\/h5><div class=\"jet-slider__desc\">Contamos com aeronaves modernas capazes de transportar at\u00e9 tr\u00eas passageiros. V\u00f4os de batismo, traslados, passeios no Delta e Buenos Aires, filmagens, chegadas de noivas e\/ou quinceaneras, etc.\n<\/div>\n\t\t\t\t\t\t<div class=\"jet-slider__button-wrapper\"><a class=\"elementor-button elementor-size-md jet-slider__button jet-slider__button--primary\" href=\"https:\/\/deltacharter.com.ar\/pt\/alquiler-de-helicopteros\/\">VER SERVICIO<\/a>\t\t\t\t\t\t<\/div><\/div>\n\t\t<\/div>\n\t<\/div>\n<\/div>\n\n<\/div>\n<\/div>\n<\/div>\n<\/div>\t\t<\/div>\n\t\t\t\t<\/div>\n\t\t\t\t\t\t<\/div>\n\t\t\t\t\t<\/div>\n\t\t<\/div>\n\t\t\t\t\t\t\t\t<\/div>\n\t\t\t\t\t<\/div>\n\t\t<\/section>\n\t\t\t\t<section class=\"elementor-section elementor-top-section elementor-element elementor-element-064c933 elementor-section-boxed elementor-section-height-default elementor-section-height-default\" data-id=\"064c933\" data-element_type=\"section\">\n\t\t\t\t\t\t<div class=\"elementor-container elementor-column-gap-default\">\n\t\t\t\t\t\t\t<div class=\"elementor-row\">\n\t\t\t\t\t<div class=\"elementor-column elementor-col-50 elementor-top-column elementor-element elementor-element-6b036f4\" data-id=\"6b036f4\" data-element_type=\"column\" data-settings=\"{&quot;background_background&quot;:&quot;slideshow&quot;,&quot;background_slideshow_gallery&quot;:[],&quot;background_slideshow_loop&quot;:&quot;yes&quot;,&quot;background_slideshow_slide_duration&quot;:5000,&quot;background_slideshow_slide_transition&quot;:&quot;fade&quot;,&quot;background_slideshow_transition_duration&quot;:500}\">\n\t\t\t<div class=\"elementor-column-wrap elementor-element-populated\">\n\t\t\t\t\t\t\t<div class=\"elementor-widget-wrap\">\n\t\t\t\t\t\t<div class=\"elementor-element elementor-element-ccee634 elementor-widget elementor-widget-jet-slider\" data-id=\"ccee634\" data-element_type=\"widget\" data-widget_type=\"jet-slider.default\">\n\t\t\t\t<div class=\"elementor-widget-container\">\n\t\t\t<div class=\"elementor-jet-slider jet-elements\">\n<div class=\"jet-slider jet-slider__image-exact\" data-settings='{\"sliderWidth\":{\"unit\":\"%\",\"size\":100,\"sizes\":[]},\"sliderHeight\":{\"unit\":\"px\",\"size\":400,\"sizes\":[]},\"sliderHeightTablet\":{\"unit\":\"px\",\"size\":\"\",\"sizes\":[]},\"sliderHeightMobile\":{\"unit\":\"px\",\"size\":\"\",\"sizes\":[]},\"sliderNavigation\":false,\"sliderNavigationIcon\":\"jet-slider__arrow-icon-ccee634\",\"sliderNaviOnHover\":false,\"sliderPagination\":false,\"sliderAutoplay\":true,\"sliderAutoplayDelay\":3000,\"sliderAutoplayOnHover\":\"none\",\"sliderFullScreen\":false,\"sliderFullscreenIcon\":\"jet-slider__fullscreen-icon-ccee634\",\"sliderShuffle\":false,\"sliderLoop\":false,\"sliderFadeMode\":true,\"slideDistance\":{\"unit\":\"px\",\"size\":10,\"sizes\":[]},\"slideDuration\":300,\"imageScaleMode\":\"exact\",\"thumbnails\":false,\"thumbnailWidth\":120,\"thumbnailWidthTablet\":\"\",\"thumbnailWidthMobile\":\"\",\"thumbnailHeight\":80,\"thumbnailHeightTablet\":\"\",\"thumbnailHeightMobile\":\"\",\"rightToLeft\":false,\"touchswipe\":false}'>\n\t\n<div class=\"slider-pro\"><div class=\"jet-slider__arrow-icon-ccee634 hidden-html\"><\/div><div class=\"jet-slider__fullscreen-icon-ccee634 hidden-html\"><\/div><div class=\"jet-slider__items sp-slides\">\n\n<div  class=\"jet-slider__item sp-slide\"><img class=\"sp-image\" src=\"https:\/\/deltacharter.com.ar\/wp-content\/uploads\/2022\/05\/6ca6d69d-831a-44fd-aa12-12810d445c53.jpg\" alt=\"6ca6d69d-831a-44fd-aa12-12810d445c53\"><div class=\"jet-slider__content sp-layer\" data-position=\"centerCenter\" data-width=\"100%\" data-height=\"100%\" data-horizontal=\"0%\" data-show-transition=\"left\" data-show-duration=\"400\" data-show-delay=\"400\">\n\t\t<div class=\"jet-slider__content-item\">\n\t\t\t<div class=\"jet-slider__content-inner\"><div class=\"jet-slider__icon\"><div class=\"jet-slider-icon-inner\"><i aria-hidden=\"true\" class=\"nc-icon-outline food_course\"><\/i><\/div><\/div><h5 class=\"jet-slider__title\">CHEF A BORDO<\/h5><div class=\"jet-slider__desc\">Nos nossos alugueres \u00e9 permitido trazer todo o tipo de comidas e bebidas. Se voc\u00ea quiser ignorar tudo, n\u00f3s cuidaremos disso. Temos para lhe oferecer diferentes op\u00e7\u00f5es de restaura\u00e7\u00e3o.\n<\/div>\n\t\t\t\t\t\t<div class=\"jet-slider__button-wrapper\"><a class=\"elementor-button elementor-size-md jet-slider__button jet-slider__button--primary\" href=\"https:\/\/deltacharter.com.ar\/pt\/chef-a-bordo\/\">VER SERVICIO<\/a>\t\t\t\t\t\t<\/div><\/div>\n\t\t<\/div>\n\t<\/div>\n<\/div>\n\n<\/div>\n<\/div>\n<\/div>\n<\/div>\t\t<\/div>\n\t\t\t\t<\/div>\n\t\t\t\t\t\t<\/div>\n\t\t\t\t\t<\/div>\n\t\t<\/div>\n\t\t\t\t<div class=\"elementor-column elementor-col-50 elementor-top-column elementor-element elementor-element-296e5d1\" data-id=\"296e5d1\" data-element_type=\"column\" data-settings=\"{&quot;background_background&quot;:&quot;classic&quot;}\">\n\t\t\t<div class=\"elementor-column-wrap\">\n\t\t\t\t\t<div class=\"elementor-background-overlay\"><\/div>\n\t\t\t\t\t\t\t<div class=\"elementor-widget-wrap\">\n\t\t\t\t\t\t\t\t<\/div>\n\t\t\t\t\t<\/div>\n\t\t<\/div>\n\t\t\t\t\t\t\t\t<\/div>\n\t\t\t\t\t<\/div>\n\t\t<\/section>\n\t\t\t\t\t\t<\/div>\n\t\t\t\t\t\t<\/div>\n\t\t\t\t\t<\/div>","protected":false},"excerpt":{"rendered":"<p>SERVICIOS ALQUILER DE YATES Las embarcaciones cuentan con equipamiento y comodidades para una excelente estad\u00eda, permitiendo disfrutar de los encantos del Delta con seguridad y confort. Las salidas son programadas a gusto, coordinando horarios de zarpe y arribo. VER SERVICIO SALIDAS ROMANTICAS Brindamos varias propuestas para una salida rom\u00e1ntica \u00f3ptima. Atardecer, cena a la luz [&hellip;]<\/p>","protected":false},"author":1,"featured_media":0,"parent":0,"menu_order":0,"comment_status":"closed","ping_status":"closed","template":"elementor_header_footer","meta":[],"_links":{"self":[{"href":"https:\/\/deltacharter.com.ar\/pt\/wp-json\/wp\/v2\/pages\/1781"}],"collection":[{"href":"https:\/\/deltacharter.com.ar\/pt\/wp-json\/wp\/v2\/pages"}],"about":[{"href":"https:\/\/deltacharter.com.ar\/pt\/wp-json\/wp\/v2\/types\/page"}],"author":[{"embeddable":true,"href":"https:\/\/deltacharter.com.ar\/pt\/wp-json\/wp\/v2\/users\/1"}],"replies":[{"embeddable":true,"href":"https:\/\/deltacharter.com.ar\/pt\/wp-json\/wp\/v2\/comments?post=1781"}],"version-history":[{"count":79,"href":"https:\/\/deltacharter.com.ar\/pt\/wp-json\/wp\/v2\/pages\/1781\/revisions"}],"predecessor-version":[{"id":2197,"href":"https:\/\/deltacharter.com.ar\/pt\/wp-json\/wp\/v2\/pages\/1781\/revisions\/2197"}],"wp:attachment":[{"href":"https:\/\/deltacharter.com.ar\/pt\/wp-json\/wp\/v2\/media?parent=1781"}],"curies":[{"name":"wp","href":"https:\/\/api.w.org\/{rel}","templated":true}]}}