{"id":2149,"date":"2022-05-31T12:17:53","date_gmt":"2022-05-31T15:17:53","guid":{"rendered":"https:\/\/deltacharter.com.ar\/?page_id=2149"},"modified":"2022-06-01T10:46:01","modified_gmt":"2022-06-01T13:46:01","slug":"chef-a-bordo","status":"publish","type":"page","link":"https:\/\/deltacharter.com.ar\/pt\/chef-a-bordo\/","title":{"rendered":"Chef a bordo"},"content":{"rendered":"<div data-elementor-type=\"wp-page\" data-elementor-id=\"2149\" class=\"elementor elementor-2149\" data-elementor-settings=\"[]\">\n\t\t\t\t\t\t<div class=\"elementor-inner\">\n\t\t\t\t\t\t\t<div class=\"elementor-section-wrap\">\n\t\t\t\t\t\t\t<section class=\"elementor-section elementor-top-section elementor-element elementor-element-1ff3df7b elementor-section-boxed elementor-section-height-default elementor-section-height-default\" data-id=\"1ff3df7b\" data-element_type=\"section\" data-settings=\"{&quot;background_background&quot;:&quot;classic&quot;}\">\n\t\t\t\t\t\t\t<div class=\"elementor-background-overlay\"><\/div>\n\t\t\t\t\t\t\t<div class=\"elementor-container elementor-column-gap-default\">\n\t\t\t\t\t\t\t<div class=\"elementor-row\">\n\t\t\t\t\t<div class=\"elementor-column elementor-col-100 elementor-top-column elementor-element elementor-element-42cbaca2\" data-id=\"42cbaca2\" data-element_type=\"column\">\n\t\t\t<div class=\"elementor-column-wrap elementor-element-populated\">\n\t\t\t\t\t\t\t<div class=\"elementor-widget-wrap\">\n\t\t\t\t\t\t<div class=\"elementor-element elementor-element-779242ec elementor-widget elementor-widget-heading\" data-id=\"779242ec\" data-element_type=\"widget\" data-widget_type=\"heading.default\">\n\t\t\t\t<div class=\"elementor-widget-container\">\n\t\t\t<h2 class=\"elementor-heading-title elementor-size-default\">CHEF A BORDO<\/h2>\t\t<\/div>\n\t\t\t\t<\/div>\n\t\t\t\t<div class=\"elementor-element elementor-element-369349de elementor-widget-divider--view-line elementor-widget elementor-widget-divider\" data-id=\"369349de\" data-element_type=\"widget\" data-widget_type=\"divider.default\">\n\t\t\t\t<div class=\"elementor-widget-container\">\n\t\t\t\t\t<div class=\"elementor-divider\">\n\t\t\t<span class=\"elementor-divider-separator\">\n\t\t\t\t\t\t<\/span>\n\t\t<\/div>\n\t\t\t\t<\/div>\n\t\t\t\t<\/div>\n\t\t\t\t\t\t<\/div>\n\t\t\t\t\t<\/div>\n\t\t<\/div>\n\t\t\t\t\t\t\t\t<\/div>\n\t\t\t\t\t<\/div>\n\t\t<\/section>\n\t\t\t\t<section class=\"elementor-section elementor-top-section elementor-element elementor-element-9a4b694 elementor-section-boxed elementor-section-height-default elementor-section-height-default\" data-id=\"9a4b694\" data-element_type=\"section\">\n\t\t\t\t\t\t<div class=\"elementor-container elementor-column-gap-default\">\n\t\t\t\t\t\t\t<div class=\"elementor-row\">\n\t\t\t\t\t<div class=\"elementor-column elementor-col-100 elementor-top-column elementor-element elementor-element-1bbfdd41\" data-id=\"1bbfdd41\" data-element_type=\"column\">\n\t\t\t<div class=\"elementor-column-wrap elementor-element-populated\">\n\t\t\t\t\t\t\t<div class=\"elementor-widget-wrap\">\n\t\t\t\t\t\t<div class=\"elementor-element elementor-element-2304b99 elementor-widget elementor-widget-text-editor\" data-id=\"2304b99\" data-element_type=\"widget\" data-widget_type=\"text-editor.default\">\n\t\t\t\t<div class=\"elementor-widget-container\">\n\t\t\t\t\t\t\t\t<div class=\"elementor-text-editor elementor-clearfix\">\n\t\t\t\t<p>Nos nossos alugueres \u00e9 permitido trazer todo o tipo de comidas e bebidas. Se voc\u00ea quiser ignorar tudo, n\u00f3s cuidaremos disso. Temos para lhe oferecer diferentes op\u00e7\u00f5es de restaura\u00e7\u00e3o.<\/p>\t\t\t\t\t<\/div>\n\t\t\t\t\t\t<\/div>\n\t\t\t\t<\/div>\n\t\t\t\t\t\t<\/div>\n\t\t\t\t\t<\/div>\n\t\t<\/div>\n\t\t\t\t\t\t\t\t<\/div>\n\t\t\t\t\t<\/div>\n\t\t<\/section>\n\t\t\t\t<section class=\"elementor-section elementor-top-section elementor-element elementor-element-c69887c elementor-section-boxed elementor-section-height-default elementor-section-height-default\" data-id=\"c69887c\" data-element_type=\"section\" data-settings=\"{&quot;background_background&quot;:&quot;classic&quot;}\">\n\t\t\t\t\t\t\t<div class=\"elementor-background-overlay\"><\/div>\n\t\t\t\t\t\t\t<div class=\"elementor-container elementor-column-gap-default\">\n\t\t\t\t\t\t\t<div class=\"elementor-row\">\n\t\t\t\t\t<div class=\"elementor-column elementor-col-100 elementor-top-column elementor-element elementor-element-10e63cfd\" data-id=\"10e63cfd\" data-element_type=\"column\">\n\t\t\t<div class=\"elementor-column-wrap elementor-element-populated\">\n\t\t\t\t\t\t\t<div class=\"elementor-widget-wrap\">\n\t\t\t\t\t\t<div class=\"elementor-element elementor-element-a0339f6 elementor-widget elementor-widget-heading\" data-id=\"a0339f6\" data-element_type=\"widget\" data-widget_type=\"heading.default\">\n\t\t\t\t<div class=\"elementor-widget-container\">\n\t\t\t<h2 class=\"elementor-heading-title elementor-size-default\">IMAGENS DO SERVI\u00c7O<\/h2>\t\t<\/div>\n\t\t\t\t<\/div>\n\t\t\t\t<div class=\"elementor-element elementor-element-28750aef elementor-widget-divider--view-line elementor-widget elementor-widget-divider\" data-id=\"28750aef\" data-element_type=\"widget\" data-widget_type=\"divider.default\">\n\t\t\t\t<div class=\"elementor-widget-container\">\n\t\t\t\t\t<div class=\"elementor-divider\">\n\t\t\t<span class=\"elementor-divider-separator\">\n\t\t\t\t\t\t<\/span>\n\t\t<\/div>\n\t\t\t\t<\/div>\n\t\t\t\t<\/div>\n\t\t\t\t\t\t<\/div>\n\t\t\t\t\t<\/div>\n\t\t<\/div>\n\t\t\t\t\t\t\t\t<\/div>\n\t\t\t\t\t<\/div>\n\t\t<\/section>\n\t\t\t\t<section class=\"elementor-section elementor-top-section elementor-element elementor-element-640a62f9 elementor-section-boxed elementor-section-height-default elementor-section-height-default\" data-id=\"640a62f9\" data-element_type=\"section\">\n\t\t\t\t\t\t<div class=\"elementor-container elementor-column-gap-default\">\n\t\t\t\t\t\t\t<div class=\"elementor-row\">\n\t\t\t\t\t<div class=\"elementor-column elementor-col-100 elementor-top-column elementor-element elementor-element-69d1a813\" data-id=\"69d1a813\" data-element_type=\"column\">\n\t\t\t<div class=\"elementor-column-wrap elementor-element-populated\">\n\t\t\t\t\t\t\t<div class=\"elementor-widget-wrap\">\n\t\t\t\t\t\t<div class=\"elementor-element elementor-element-6681dfcb elementor-widget elementor-widget-jet-portfolio\" data-id=\"6681dfcb\" data-element_type=\"widget\" data-widget_type=\"jet-portfolio.default\">\n\t\t\t\t<div class=\"elementor-widget-container\">\n\t\t\t<div class=\"elementor-jet-portfolio jet-elements\">\n<div class=\"jet-portfolio layout-type-grid preset-type-1 layout-desktop-column-3  layout-mobile-column-2\" data-settings=\"{&quot;layoutType&quot;:&quot;grid&quot;,&quot;columns&quot;:3,&quot;columnsTablet&quot;:&quot;&quot;,&quot;columnsMobile&quot;:&quot;2&quot;,&quot;perPage&quot;:6}\"><div class=\"jet-portfolio__list\"><article class=\"jet-portfolio__item visible-status\" data-slug=\"{&quot;0&quot;:&quot;all&quot;}\">\n\t<div class=\"jet-portfolio__inner\">\n\t\t<a class=\"jet-portfolio__link\" href=\"https:\/\/deltacharter.com.ar\/wp-content\/uploads\/2022\/05\/eaa54a15-113d-41e7-b6b5-9d5d94c5e7dc.jpg\" data-elementor-open-lightbox=\"yes\">\n\t\t\t<div class=\"jet-portfolio__image\">\n\t\t\t\t<img class=\"jet-portfolio__image-instance\" src=\"https:\/\/deltacharter.com.ar\/wp-content\/uploads\/2022\/05\/eaa54a15-113d-41e7-b6b5-9d5d94c5e7dc.jpg\" width=\"828\" height=\"1090\"  alt=\"eaa54a15-113d-41e7-b6b5-9d5d94c5e7dc\" loading=\"lazy\">\t\t\t\t<div class=\"jet-portfolio__image-loader\"><span><\/span><\/div>\n\t\t\t<\/div>\n\t\t<\/a>\n\t\t<div class=\"jet-portfolio__content\">\n\t\t\t<div class=\"jet-portfolio__content-inner\"><\/div>\n\t\t<\/div>\n\n\t<\/div>\n<\/article><article class=\"jet-portfolio__item visible-status\" data-slug=\"{&quot;0&quot;:&quot;all&quot;}\">\n\t<div class=\"jet-portfolio__inner\">\n\t\t<a class=\"jet-portfolio__link\" href=\"https:\/\/deltacharter.com.ar\/wp-content\/uploads\/2022\/05\/e7f4e790-6ef9-48db-b970-82889fcf17e9.jpg\" data-elementor-open-lightbox=\"yes\">\n\t\t\t<div class=\"jet-portfolio__image\">\n\t\t\t\t<img class=\"jet-portfolio__image-instance\" src=\"https:\/\/deltacharter.com.ar\/wp-content\/uploads\/2022\/05\/e7f4e790-6ef9-48db-b970-82889fcf17e9.jpg\" width=\"576\" height=\"1024\"  alt=\"e7f4e790-6ef9-48db-b970-82889fcf17e9\" loading=\"lazy\">\t\t\t\t<div class=\"jet-portfolio__image-loader\"><span><\/span><\/div>\n\t\t\t<\/div>\n\t\t<\/a>\n\t\t<div class=\"jet-portfolio__content\">\n\t\t\t<div class=\"jet-portfolio__content-inner\"><\/div>\n\t\t<\/div>\n\n\t<\/div>\n<\/article><article class=\"jet-portfolio__item visible-status\" data-slug=\"{&quot;0&quot;:&quot;all&quot;}\">\n\t<div class=\"jet-portfolio__inner\">\n\t\t<a class=\"jet-portfolio__link\" href=\"https:\/\/deltacharter.com.ar\/wp-content\/uploads\/2022\/05\/baa796d4-cd7f-44b7-bf5f-38a88873abbb.jpg\" data-elementor-open-lightbox=\"yes\">\n\t\t\t<div class=\"jet-portfolio__image\">\n\t\t\t\t<img class=\"jet-portfolio__image-instance\" src=\"https:\/\/deltacharter.com.ar\/wp-content\/uploads\/2022\/05\/baa796d4-cd7f-44b7-bf5f-38a88873abbb.jpg\" width=\"645\" height=\"1024\"  alt=\"baa796d4-cd7f-44b7-bf5f-38a88873abbb\" loading=\"lazy\">\t\t\t\t<div class=\"jet-portfolio__image-loader\"><span><\/span><\/div>\n\t\t\t<\/div>\n\t\t<\/a>\n\t\t<div class=\"jet-portfolio__content\">\n\t\t\t<div class=\"jet-portfolio__content-inner\"><\/div>\n\t\t<\/div>\n\n\t<\/div>\n<\/article><article class=\"jet-portfolio__item visible-status\" data-slug=\"{&quot;0&quot;:&quot;all&quot;}\">\n\t<div class=\"jet-portfolio__inner\">\n\t\t<a class=\"jet-portfolio__link\" href=\"https:\/\/deltacharter.com.ar\/wp-content\/uploads\/2022\/05\/b1d56026-18f2-41a3-af2f-8899049206c7.jpg\" data-elementor-open-lightbox=\"yes\">\n\t\t\t<div class=\"jet-portfolio__image\">\n\t\t\t\t<img class=\"jet-portfolio__image-instance\" src=\"https:\/\/deltacharter.com.ar\/wp-content\/uploads\/2022\/05\/b1d56026-18f2-41a3-af2f-8899049206c7.jpg\" width=\"576\" height=\"1024\"  alt=\"b1d56026-18f2-41a3-af2f-8899049206c7\" loading=\"lazy\">\t\t\t\t<div class=\"jet-portfolio__image-loader\"><span><\/span><\/div>\n\t\t\t<\/div>\n\t\t<\/a>\n\t\t<div class=\"jet-portfolio__content\">\n\t\t\t<div class=\"jet-portfolio__content-inner\"><\/div>\n\t\t<\/div>\n\n\t<\/div>\n<\/article><article class=\"jet-portfolio__item visible-status\" data-slug=\"{&quot;0&quot;:&quot;all&quot;}\">\n\t<div class=\"jet-portfolio__inner\">\n\t\t<a class=\"jet-portfolio__link\" href=\"https:\/\/deltacharter.com.ar\/wp-content\/uploads\/2022\/05\/9a43f5b8-9475-47d6-9a95-0d1c3edb1447.jpg\" data-elementor-open-lightbox=\"yes\">\n\t\t\t<div class=\"jet-portfolio__image\">\n\t\t\t\t<img class=\"jet-portfolio__image-instance\" src=\"https:\/\/deltacharter.com.ar\/wp-content\/uploads\/2022\/05\/9a43f5b8-9475-47d6-9a95-0d1c3edb1447.jpg\" width=\"576\" height=\"1024\"  alt=\"9a43f5b8-9475-47d6-9a95-0d1c3edb1447\" loading=\"lazy\">\t\t\t\t<div class=\"jet-portfolio__image-loader\"><span><\/span><\/div>\n\t\t\t<\/div>\n\t\t<\/a>\n\t\t<div class=\"jet-portfolio__content\">\n\t\t\t<div class=\"jet-portfolio__content-inner\"><\/div>\n\t\t<\/div>\n\n\t<\/div>\n<\/article><article class=\"jet-portfolio__item visible-status\" data-slug=\"{&quot;0&quot;:&quot;all&quot;}\">\n\t<div class=\"jet-portfolio__inner\">\n\t\t<a class=\"jet-portfolio__link\" href=\"https:\/\/deltacharter.com.ar\/wp-content\/uploads\/2022\/05\/6ca15ef6-e3b4-4141-a75a-f1d6e370e06d.jpg\" data-elementor-open-lightbox=\"yes\">\n\t\t\t<div class=\"jet-portfolio__image\">\n\t\t\t\t<img class=\"jet-portfolio__image-instance\" src=\"https:\/\/deltacharter.com.ar\/wp-content\/uploads\/2022\/05\/6ca15ef6-e3b4-4141-a75a-f1d6e370e06d.jpg\" width=\"828\" height=\"614\"  alt=\"6ca15ef6-e3b4-4141-a75a-f1d6e370e06d\" loading=\"lazy\">\t\t\t\t<div class=\"jet-portfolio__image-loader\"><span><\/span><\/div>\n\t\t\t<\/div>\n\t\t<\/a>\n\t\t<div class=\"jet-portfolio__content\">\n\t\t\t<div class=\"jet-portfolio__content-inner\"><\/div>\n\t\t<\/div>\n\n\t<\/div>\n<\/article><\/div><\/div>\n<\/div>\t\t<\/div>\n\t\t\t\t<\/div>\n\t\t\t\t\t\t<\/div>\n\t\t\t\t\t<\/div>\n\t\t<\/div>\n\t\t\t\t\t\t\t\t<\/div>\n\t\t\t\t\t<\/div>\n\t\t<\/section>\n\t\t\t\t\t\t<\/div>\n\t\t\t\t\t\t<\/div>\n\t\t\t\t\t<\/div>","protected":false},"excerpt":{"rendered":"<p>CHEF A BORDO En nuestros alquileres se permite llevar todo tipo de alimentos y bebidas. Si te gustaria desentenderte de todo nosotros nos encargamos. Tenemos para ofrecerte distintas opciones de catering. IM\u00c1GENES DEL SERVICIO<\/p>","protected":false},"author":1,"featured_media":0,"parent":0,"menu_order":0,"comment_status":"closed","ping_status":"closed","template":"elementor_header_footer","meta":[],"_links":{"self":[{"href":"https:\/\/deltacharter.com.ar\/pt\/wp-json\/wp\/v2\/pages\/2149"}],"collection":[{"href":"https:\/\/deltacharter.com.ar\/pt\/wp-json\/wp\/v2\/pages"}],"about":[{"href":"https:\/\/deltacharter.com.ar\/pt\/wp-json\/wp\/v2\/types\/page"}],"author":[{"embeddable":true,"href":"https:\/\/deltacharter.com.ar\/pt\/wp-json\/wp\/v2\/users\/1"}],"replies":[{"embeddable":true,"href":"https:\/\/deltacharter.com.ar\/pt\/wp-json\/wp\/v2\/comments?post=2149"}],"version-history":[{"count":20,"href":"https:\/\/deltacharter.com.ar\/pt\/wp-json\/wp\/v2\/pages\/2149\/revisions"}],"predecessor-version":[{"id":2200,"href":"https:\/\/deltacharter.com.ar\/pt\/wp-json\/wp\/v2\/pages\/2149\/revisions\/2200"}],"wp:attachment":[{"href":"https:\/\/deltacharter.com.ar\/pt\/wp-json\/wp\/v2\/media?parent=2149"}],"curies":[{"name":"wp","href":"https:\/\/api.w.org\/{rel}","templated":true}]}}