{"id":537,"date":"2018-11-09T12:50:44","date_gmt":"2018-11-09T15:50:44","guid":{"rendered":"https:\/\/demo.crocoblock.com\/nutritix\/?page_id=537"},"modified":"2022-05-30T14:58:44","modified_gmt":"2022-05-30T17:58:44","slug":"empresa","status":"publish","type":"page","link":"https:\/\/deltacharter.com.ar\/pt\/empresa\/","title":{"rendered":"A COMPANHIA"},"content":{"rendered":"<div data-elementor-type=\"wp-post\" data-elementor-id=\"537\" class=\"elementor elementor-537\" data-elementor-settings=\"[]\">\n\t\t\t\t\t\t<div class=\"elementor-inner\">\n\t\t\t\t\t\t\t<div class=\"elementor-section-wrap\">\n\t\t\t\t\t\t\t<section class=\"elementor-section elementor-top-section elementor-element elementor-element-5ff6506 elementor-section-boxed elementor-section-height-default elementor-section-height-default\" data-id=\"5ff6506\" data-element_type=\"section\" data-settings=\"{&quot;background_background&quot;:&quot;classic&quot;}\">\n\t\t\t\t\t\t<div class=\"elementor-container elementor-column-gap-default\">\n\t\t\t\t\t\t\t<div class=\"elementor-row\">\n\t\t\t\t\t<div class=\"elementor-column elementor-col-100 elementor-top-column elementor-element elementor-element-11589cb\" data-id=\"11589cb\" data-element_type=\"column\">\n\t\t\t<div class=\"elementor-column-wrap elementor-element-populated\">\n\t\t\t\t\t\t\t<div class=\"elementor-widget-wrap\">\n\t\t\t\t\t\t<div class=\"elementor-element elementor-element-987a95a elementor-widget elementor-widget-heading\" data-id=\"987a95a\" data-element_type=\"widget\" data-widget_type=\"heading.default\">\n\t\t\t\t<div class=\"elementor-widget-container\">\n\t\t\t<h2 class=\"elementor-heading-title elementor-size-default\">A COMPANHIA<\/h2>\t\t<\/div>\n\t\t\t\t<\/div>\n\t\t\t\t<div class=\"elementor-element elementor-element-11ef633 elementor-widget-divider--view-line elementor-widget elementor-widget-divider\" data-id=\"11ef633\" data-element_type=\"widget\" data-widget_type=\"divider.default\">\n\t\t\t\t<div class=\"elementor-widget-container\">\n\t\t\t\t\t<div class=\"elementor-divider\">\n\t\t\t<span class=\"elementor-divider-separator\">\n\t\t\t\t\t\t<\/span>\n\t\t<\/div>\n\t\t\t\t<\/div>\n\t\t\t\t<\/div>\n\t\t\t\t\t\t<\/div>\n\t\t\t\t\t<\/div>\n\t\t<\/div>\n\t\t\t\t\t\t\t\t<\/div>\n\t\t\t\t\t<\/div>\n\t\t<\/section>\n\t\t\t\t<section class=\"elementor-section elementor-top-section elementor-element elementor-element-7f45a40 elementor-section-boxed elementor-section-height-default elementor-section-height-default\" data-id=\"7f45a40\" data-element_type=\"section\">\n\t\t\t\t\t\t<div class=\"elementor-container elementor-column-gap-default\">\n\t\t\t\t\t\t\t<div class=\"elementor-row\">\n\t\t\t\t\t<div class=\"elementor-column elementor-col-50 elementor-top-column elementor-element elementor-element-bc8a1d3\" data-id=\"bc8a1d3\" data-element_type=\"column\">\n\t\t\t<div class=\"elementor-column-wrap elementor-element-populated\">\n\t\t\t\t\t\t\t<div class=\"elementor-widget-wrap\">\n\t\t\t\t\t\t<div class=\"elementor-element elementor-element-1900d44 elementor-widget elementor-widget-image\" data-id=\"1900d44\" data-element_type=\"widget\" data-widget_type=\"image.default\">\n\t\t\t\t<div class=\"elementor-widget-container\">\n\t\t\t\t\t\t\t\t<div class=\"elementor-image\">\n\t\t\t\t\t\t\t\t\t\t\t\t<img width=\"860\" height=\"863\" src=\"https:\/\/deltacharter.com.ar\/wp-content\/uploads\/2022\/05\/NOSOTROS.jpg\" class=\"attachment-large size-large\" alt=\"\" loading=\"lazy\" srcset=\"https:\/\/deltacharter.com.ar\/wp-content\/uploads\/2022\/05\/NOSOTROS.jpg 860w, https:\/\/deltacharter.com.ar\/wp-content\/uploads\/2022\/05\/NOSOTROS-300x300.jpg 300w, https:\/\/deltacharter.com.ar\/wp-content\/uploads\/2022\/05\/NOSOTROS-150x150.jpg 150w, https:\/\/deltacharter.com.ar\/wp-content\/uploads\/2022\/05\/NOSOTROS-768x771.jpg 768w, https:\/\/deltacharter.com.ar\/wp-content\/uploads\/2022\/05\/NOSOTROS-230x230.jpg 230w, https:\/\/deltacharter.com.ar\/wp-content\/uploads\/2022\/05\/NOSOTROS-400x400.jpg 400w, https:\/\/deltacharter.com.ar\/wp-content\/uploads\/2022\/05\/NOSOTROS-600x602.jpg 600w\" sizes=\"(max-width: 860px) 100vw, 860px\" \/>\t\t\t\t\t\t\t\t\t\t\t\t\t\t<\/div>\n\t\t\t\t\t\t<\/div>\n\t\t\t\t<\/div>\n\t\t\t\t\t\t<\/div>\n\t\t\t\t\t<\/div>\n\t\t<\/div>\n\t\t\t\t<div class=\"elementor-column elementor-col-50 elementor-top-column elementor-element elementor-element-00fbabc\" data-id=\"00fbabc\" data-element_type=\"column\">\n\t\t\t<div class=\"elementor-column-wrap elementor-element-populated\">\n\t\t\t\t\t\t\t<div class=\"elementor-widget-wrap\">\n\t\t\t\t\t\t<div class=\"elementor-element elementor-element-c022506 elementor-widget elementor-widget-text-editor\" data-id=\"c022506\" data-element_type=\"widget\" data-widget_type=\"text-editor.default\">\n\t\t\t\t<div class=\"elementor-widget-container\">\n\t\t\t\t\t\t\t\t<div class=\"elementor-text-editor elementor-clearfix\">\n\t\t\t\t<p>Somos especializados no fretamento (aluguel) de iates e aeronaves particulares.<br \/><br \/>Dispomos de diversos barcos e helic\u00f3pteros tripulados por pessoal altamente experiente, de acordo com as necessidades dos nossos clientes.<br \/><br \/>Organizamos eventos personalizados, tais como; passeios em fam\u00edlia, passeios em grupo, anivers\u00e1rios, bodas, despedidas, bar mitzvahs, reuni\u00f5es de neg\u00f3cios, entretenimento, casamentos, etc.<br \/><br \/>Ampla experi\u00eancia e confiabilidade nos garantem.<\/p>\t\t\t\t\t<\/div>\n\t\t\t\t\t\t<\/div>\n\t\t\t\t<\/div>\n\t\t\t\t\t\t<\/div>\n\t\t\t\t\t<\/div>\n\t\t<\/div>\n\t\t\t\t\t\t\t\t<\/div>\n\t\t\t\t\t<\/div>\n\t\t<\/section>\n\t\t\t\t<section class=\"elementor-section elementor-top-section elementor-element elementor-element-d2a8529 elementor-section-boxed elementor-section-height-default elementor-section-height-default\" data-id=\"d2a8529\" data-element_type=\"section\" data-settings=\"{&quot;background_background&quot;:&quot;classic&quot;}\">\n\t\t\t\t\t\t<div class=\"elementor-container elementor-column-gap-default\">\n\t\t\t\t\t\t\t<div class=\"elementor-row\">\n\t\t\t\t\t<div class=\"elementor-column elementor-col-100 elementor-top-column elementor-element elementor-element-2f6bb6b\" data-id=\"2f6bb6b\" data-element_type=\"column\">\n\t\t\t<div class=\"elementor-column-wrap elementor-element-populated\">\n\t\t\t\t\t\t\t<div class=\"elementor-widget-wrap\">\n\t\t\t\t\t\t<div class=\"elementor-element elementor-element-1eb19fc elementor-widget elementor-widget-heading\" data-id=\"1eb19fc\" data-element_type=\"widget\" data-widget_type=\"heading.default\">\n\t\t\t\t<div class=\"elementor-widget-container\">\n\t\t\t<h2 class=\"elementor-heading-title elementor-size-default\">TESTIMONIOS<\/h2>\t\t<\/div>\n\t\t\t\t<\/div>\n\t\t\t\t<div class=\"elementor-element elementor-element-af16ed3 elementor-widget-divider--view-line elementor-widget elementor-widget-divider\" data-id=\"af16ed3\" data-element_type=\"widget\" data-widget_type=\"divider.default\">\n\t\t\t\t<div class=\"elementor-widget-container\">\n\t\t\t\t\t<div class=\"elementor-divider\">\n\t\t\t<span class=\"elementor-divider-separator\">\n\t\t\t\t\t\t<\/span>\n\t\t<\/div>\n\t\t\t\t<\/div>\n\t\t\t\t<\/div>\n\t\t\t\t\t\t<\/div>\n\t\t\t\t\t<\/div>\n\t\t<\/div>\n\t\t\t\t\t\t\t\t<\/div>\n\t\t\t\t\t<\/div>\n\t\t<\/section>\n\t\t\t\t<section class=\"elementor-section elementor-top-section elementor-element elementor-element-9a2bf5c elementor-section-boxed elementor-section-height-default elementor-section-height-default\" data-id=\"9a2bf5c\" data-element_type=\"section\">\n\t\t\t\t\t\t<div class=\"elementor-container elementor-column-gap-default\">\n\t\t\t\t\t\t\t<div class=\"elementor-row\">\n\t\t\t\t\t<div class=\"elementor-column elementor-col-100 elementor-top-column elementor-element elementor-element-f61affc\" data-id=\"f61affc\" data-element_type=\"column\">\n\t\t\t<div class=\"elementor-column-wrap elementor-element-populated\">\n\t\t\t\t\t\t\t<div class=\"elementor-widget-wrap\">\n\t\t\t\t\t\t<div class=\"elementor-element elementor-element-14df52a elementor-widget elementor-widget-jet-testimonials\" data-id=\"14df52a\" data-element_type=\"widget\" data-widget_type=\"jet-testimonials.default\">\n\t\t\t\t<div class=\"elementor-widget-container\">\n\t\t\t<div class=\"elementor-jet-testimonials jet-elements\">\n<div class=\"jet-testimonials jet-equal-cols\">\n\t<div class=\"jet-testimonials__instance elementor-slick-slider\" data-settings='{\"slidesToShow\":{\"desktop\":1,\"tablet\":0,\"mobile\":0},\"autoplaySpeed\":5000,\"autoplay\":true,\"infinite\":true,\"adaptiveHeight\":true,\"pauseOnHover\":false,\"speed\":500,\"arrows\":false,\"dots\":true,\"slidesToScroll\":1,\"prevArrow\":\".jet-testimonial__prev-arrow-14df52a\",\"nextArrow\":\".jet-testimonial__next-arrow-14df52a\",\"rtl\":false}' dir=\"ltr\"><div class=\"jet-testimonials__item\">\n\t<div class=\"jet-testimonials__item-inner\">\n\t\t<div class=\"jet-testimonials__content\"><figure class=\"jet-testimonials__figure\"><img class=\"jet-testimonials__tag-img\" src=\"https:\/\/deltacharter.com.ar\/wp-content\/uploads\/2022\/05\/work-8.jpg\" alt=\"work-8\" loading=\"lazy\"><\/figure><div class=\"jet-testimonials__comment\">Realizamos este paseo con un grupo de amigos. Realmente nos pareci\u00f3 excelente. Muy correcta y amable y buena atenci\u00f3n. El paisaje de la navegaci\u00f3n es maravilloso.\nRecomendable.<\/div><div class=\"jet-testimonials__name\"><span>Lucas Izaguirre<\/span><\/div><div class=\"jet-testimonials__rating\" data-rating=\"5\"><i class=\"fa\" aria-hidden=\"true\" data-star-style=\"&#xf005;\" data-active-star-style=\"&#xf005;\"><\/i><i class=\"fa\" aria-hidden=\"true\" data-star-style=\"&#xf005;\" data-active-star-style=\"&#xf005;\"><\/i><i class=\"fa\" aria-hidden=\"true\" data-star-style=\"&#xf005;\" data-active-star-style=\"&#xf005;\"><\/i><i class=\"fa\" aria-hidden=\"true\" data-star-style=\"&#xf005;\" data-active-star-style=\"&#xf005;\"><\/i><i class=\"fa\" aria-hidden=\"true\" data-star-style=\"&#xf005;\" data-active-star-style=\"&#xf005;\"><\/i><\/div><\/div>\n\t<\/div>\n<\/div>\n\n<div class=\"jet-testimonials__item\">\n\t<div class=\"jet-testimonials__item-inner\">\n\t\t<div class=\"jet-testimonials__content\"><figure class=\"jet-testimonials__figure\"><img class=\"jet-testimonials__tag-img\" src=\"https:\/\/deltacharter.com.ar\/wp-content\/uploads\/2022\/05\/work-18.jpg\" alt=\"work-18\" loading=\"lazy\"><\/figure><div class=\"jet-testimonials__comment\">Hicimos el vuelo como regalo de cumple, la verdad fue excelente todo !  Elegimos el recorrido de la Ciudad, sin dudas verla desde esa perspectiva es algo maravilloso! volvimos encantados! Es un paseo que hay que hacer !<\/div><div class=\"jet-testimonials__name\"><span>Veronica<\/span><\/div><div class=\"jet-testimonials__rating\" data-rating=\"5\"><i class=\"fa\" aria-hidden=\"true\" data-star-style=\"&#xf005;\" data-active-star-style=\"&#xf005;\"><\/i><i class=\"fa\" aria-hidden=\"true\" data-star-style=\"&#xf005;\" data-active-star-style=\"&#xf005;\"><\/i><i class=\"fa\" aria-hidden=\"true\" data-star-style=\"&#xf005;\" data-active-star-style=\"&#xf005;\"><\/i><i class=\"fa\" aria-hidden=\"true\" data-star-style=\"&#xf005;\" data-active-star-style=\"&#xf005;\"><\/i><i class=\"fa\" aria-hidden=\"true\" data-star-style=\"&#xf005;\" data-active-star-style=\"&#xf005;\"><\/i><\/div><\/div>\n\t<\/div>\n<\/div>\n\n<div class=\"jet-testimonials__item\">\n\t<div class=\"jet-testimonials__item-inner\">\n\t\t<div class=\"jet-testimonials__content\"><figure class=\"jet-testimonials__figure\"><img class=\"jet-testimonials__tag-img\" src=\"https:\/\/deltacharter.com.ar\/wp-content\/uploads\/2022\/05\/d.jpg\" alt=\"d\" loading=\"lazy\"><\/figure><div class=\"jet-testimonials__comment\">Muy buen paseo y servicio.Un paseo precioso. Muy recomendable<\/div><div class=\"jet-testimonials__name\"><span>Marcelo<\/span><\/div><div class=\"jet-testimonials__rating\" data-rating=\"5\"><i class=\"fa\" aria-hidden=\"true\" data-star-style=\"&#xf005;\" data-active-star-style=\"&#xf005;\"><\/i><i class=\"fa\" aria-hidden=\"true\" data-star-style=\"&#xf005;\" data-active-star-style=\"&#xf005;\"><\/i><i class=\"fa\" aria-hidden=\"true\" data-star-style=\"&#xf005;\" data-active-star-style=\"&#xf005;\"><\/i><i class=\"fa\" aria-hidden=\"true\" data-star-style=\"&#xf005;\" data-active-star-style=\"&#xf005;\"><\/i><i class=\"fa\" aria-hidden=\"true\" data-star-style=\"&#xf005;\" data-active-star-style=\"&#xf005;\"><\/i><\/div><\/div>\n\t<\/div>\n<\/div>\n\n<\/div>\n<\/div>\n<\/div>\t\t<\/div>\n\t\t\t\t<\/div>\n\t\t\t\t\t\t<\/div>\n\t\t\t\t\t<\/div>\n\t\t<\/div>\n\t\t\t\t\t\t\t\t<\/div>\n\t\t\t\t\t<\/div>\n\t\t<\/section>\n\t\t\t\t\t\t<\/div>\n\t\t\t\t\t\t<\/div>\n\t\t\t\t\t<\/div>","protected":false},"excerpt":{"rendered":"<p>EMPRESA Nos especializamos en el charteo (alquiler) de yates y aeronaves privadas. Contamos con diferentes embarcaciones y helic\u00f3pteros tripulados por personal de amplia experiencia, de acuerdo a la necesidad de nuestros clientes. Organizamos eventos personalizados, como ser; salidas familiares, grupales, cumplea\u00f1os, aniversarios, despedidas, bar mitzvah, reuniones empresariales, agasajos, casamientos, etc. Amplia trayectoria, experiencia y confiabilidad [&hellip;]<\/p>","protected":false},"author":1,"featured_media":0,"parent":0,"menu_order":0,"comment_status":"closed","ping_status":"closed","template":"elementor_header_footer","meta":[],"_links":{"self":[{"href":"https:\/\/deltacharter.com.ar\/pt\/wp-json\/wp\/v2\/pages\/537"}],"collection":[{"href":"https:\/\/deltacharter.com.ar\/pt\/wp-json\/wp\/v2\/pages"}],"about":[{"href":"https:\/\/deltacharter.com.ar\/pt\/wp-json\/wp\/v2\/types\/page"}],"author":[{"embeddable":true,"href":"https:\/\/deltacharter.com.ar\/pt\/wp-json\/wp\/v2\/users\/1"}],"replies":[{"embeddable":true,"href":"https:\/\/deltacharter.com.ar\/pt\/wp-json\/wp\/v2\/comments?post=537"}],"version-history":[{"count":83,"href":"https:\/\/deltacharter.com.ar\/pt\/wp-json\/wp\/v2\/pages\/537\/revisions"}],"predecessor-version":[{"id":2131,"href":"https:\/\/deltacharter.com.ar\/pt\/wp-json\/wp\/v2\/pages\/537\/revisions\/2131"}],"wp:attachment":[{"href":"https:\/\/deltacharter.com.ar\/pt\/wp-json\/wp\/v2\/media?parent=537"}],"curies":[{"name":"wp","href":"https:\/\/api.w.org\/{rel}","templated":true}]}}